{"id":168,"date":"2019-03-22T01:38:04","date_gmt":"2019-03-22T00:38:04","guid":{"rendered":"http:\/\/svdrevenack.de\/?page_id=168"},"modified":"2021-08-15T16:54:20","modified_gmt":"2021-08-15T14:54:20","slug":"thron-2013-olaf-winterboer","status":"publish","type":"page","link":"https:\/\/svdrevenack.de\/?page_id=168","title":{"rendered":"Thron 2013 Olaf Winterboer"},"content":{"rendered":"<p><img fetchpriority=\"high\" decoding=\"async\" class=\"aligncenter size-large wp-image-169\" src=\"https:\/\/svdrevenack.de\/wp-content\/uploads\/2019\/03\/Thron2013_Olaf_Winterboer-1024x681.jpg\" alt=\"\" width=\"860\" height=\"572\" srcset=\"https:\/\/svdrevenack.de\/wp-content\/uploads\/2019\/03\/Thron2013_Olaf_Winterboer-1024x681.jpg 1024w, https:\/\/svdrevenack.de\/wp-content\/uploads\/2019\/03\/Thron2013_Olaf_Winterboer-300x199.jpg 300w, https:\/\/svdrevenack.de\/wp-content\/uploads\/2019\/03\/Thron2013_Olaf_Winterboer-768x511.jpg 768w, https:\/\/svdrevenack.de\/wp-content\/uploads\/2019\/03\/Thron2013_Olaf_Winterboer.jpg 1155w\" sizes=\"(max-width: 860px) 100vw, 860px\" \/><\/p>\n<p>&nbsp;<\/p>\n<p style=\"text-align: center;\">K\u00f6nig Olaf Winterboer<\/p>\n<p style=\"text-align: center;\">K\u00f6nigin Tanja Winterboer<\/p>\n<p style=\"text-align: center;\">Thronpaare:<\/p>\n<p style=\"text-align: center;\">Marc und Anja Schulte<br \/>\nDietmar Rittmann und Tatjana J\u00f6bstl<br \/>\nBernd und Kerstin Tilp<br \/>\nAndre Kubasch und Helene Isselmann<\/p>\n","protected":false},"excerpt":{"rendered":"<p>&nbsp; K\u00f6nig Olaf Winterboer K\u00f6nigin Tanja Winterboer Thronpaare: Marc und Anja Schulte Dietmar Rittmann und Tatjana J\u00f6bstl Bernd und Kerstin Tilp Andre Kubasch und Helene Isselmann<\/p>\n","protected":false},"author":1,"featured_media":0,"parent":140,"menu_order":0,"comment_status":"closed","ping_status":"closed","template":"","meta":{"ngg_post_thumbnail":0,"footnotes":""},"class_list":["post-168","page","type-page","status-publish","hentry"],"_links":{"self":[{"href":"https:\/\/svdrevenack.de\/index.php?rest_route=\/wp\/v2\/pages\/168","targetHints":{"allow":["GET"]}}],"collection":[{"href":"https:\/\/svdrevenack.de\/index.php?rest_route=\/wp\/v2\/pages"}],"about":[{"href":"https:\/\/svdrevenack.de\/index.php?rest_route=\/wp\/v2\/types\/page"}],"author":[{"embeddable":true,"href":"https:\/\/svdrevenack.de\/index.php?rest_route=\/wp\/v2\/users\/1"}],"replies":[{"embeddable":true,"href":"https:\/\/svdrevenack.de\/index.php?rest_route=%2Fwp%2Fv2%2Fcomments&post=168"}],"version-history":[{"count":1,"href":"https:\/\/svdrevenack.de\/index.php?rest_route=\/wp\/v2\/pages\/168\/revisions"}],"predecessor-version":[{"id":170,"href":"https:\/\/svdrevenack.de\/index.php?rest_route=\/wp\/v2\/pages\/168\/revisions\/170"}],"up":[{"embeddable":true,"href":"https:\/\/svdrevenack.de\/index.php?rest_route=\/wp\/v2\/pages\/140"}],"wp:attachment":[{"href":"https:\/\/svdrevenack.de\/index.php?rest_route=%2Fwp%2Fv2%2Fmedia&parent=168"}],"curies":[{"name":"wp","href":"https:\/\/api.w.org\/{rel}","templated":true}]}}