{"id":189,"date":"2019-03-22T02:45:18","date_gmt":"2019-03-22T01:45:18","guid":{"rendered":"http:\/\/svdrevenack.de\/?page_id=189"},"modified":"2021-08-15T16:56:15","modified_gmt":"2021-08-15T14:56:15","slug":"thron-2006-andre-oberhauser","status":"publish","type":"page","link":"https:\/\/svdrevenack.de\/?page_id=189","title":{"rendered":"Thron 2006 Andre Oberhauser"},"content":{"rendered":"<p><img fetchpriority=\"high\" decoding=\"async\" class=\"aligncenter size-full wp-image-190\" src=\"https:\/\/svdrevenack.de\/wp-content\/uploads\/2019\/03\/a_2006_Thron_Oberhauser_Andre.jpg\" alt=\"\" width=\"587\" height=\"409\" srcset=\"https:\/\/svdrevenack.de\/wp-content\/uploads\/2019\/03\/a_2006_Thron_Oberhauser_Andre.jpg 587w, https:\/\/svdrevenack.de\/wp-content\/uploads\/2019\/03\/a_2006_Thron_Oberhauser_Andre-300x209.jpg 300w\" sizes=\"(max-width: 587px) 100vw, 587px\" \/><\/p>\n<p>&nbsp;<\/p>\n<p style=\"text-align: center;\">K\u00f6nig: Andre Oberhauser<br \/>\nK\u00f6nigin: Anke Leibner<\/p>\n<p style=\"text-align: center;\">Thronpaare:<\/p>\n<p style=\"text-align: center;\">Andreas Meyering &nbsp;und Karin R\u00fchl<br \/>\nStefan R\u00fchl und Frauke Hopermann<br \/>\nDirk Schlusemann und Inken Leibner<br \/>\nKai Schulte-Bunert Mareike Hegering<\/p>\n","protected":false},"excerpt":{"rendered":"<p>&nbsp; K\u00f6nig: Andre Oberhauser K\u00f6nigin: Anke Leibner Thronpaare: Andreas Meyering &nbsp;und Karin R\u00fchl Stefan R\u00fchl und Frauke Hopermann Dirk Schlusemann und Inken Leibner Kai Schulte-Bunert Mareike Hegering<\/p>\n","protected":false},"author":1,"featured_media":0,"parent":140,"menu_order":0,"comment_status":"closed","ping_status":"closed","template":"","meta":{"ngg_post_thumbnail":0,"footnotes":""},"class_list":["post-189","page","type-page","status-publish","hentry"],"_links":{"self":[{"href":"https:\/\/svdrevenack.de\/index.php?rest_route=\/wp\/v2\/pages\/189","targetHints":{"allow":["GET"]}}],"collection":[{"href":"https:\/\/svdrevenack.de\/index.php?rest_route=\/wp\/v2\/pages"}],"about":[{"href":"https:\/\/svdrevenack.de\/index.php?rest_route=\/wp\/v2\/types\/page"}],"author":[{"embeddable":true,"href":"https:\/\/svdrevenack.de\/index.php?rest_route=\/wp\/v2\/users\/1"}],"replies":[{"embeddable":true,"href":"https:\/\/svdrevenack.de\/index.php?rest_route=%2Fwp%2Fv2%2Fcomments&post=189"}],"version-history":[{"count":1,"href":"https:\/\/svdrevenack.de\/index.php?rest_route=\/wp\/v2\/pages\/189\/revisions"}],"predecessor-version":[{"id":191,"href":"https:\/\/svdrevenack.de\/index.php?rest_route=\/wp\/v2\/pages\/189\/revisions\/191"}],"up":[{"embeddable":true,"href":"https:\/\/svdrevenack.de\/index.php?rest_route=\/wp\/v2\/pages\/140"}],"wp:attachment":[{"href":"https:\/\/svdrevenack.de\/index.php?rest_route=%2Fwp%2Fv2%2Fmedia&parent=189"}],"curies":[{"name":"wp","href":"https:\/\/api.w.org\/{rel}","templated":true}]}}