{"id":198,"date":"2019-03-22T02:51:09","date_gmt":"2019-03-22T01:51:09","guid":{"rendered":"http:\/\/svdrevenack.de\/?page_id=198"},"modified":"2019-03-22T02:51:09","modified_gmt":"2019-03-22T01:51:09","slug":"thron-2003-horst-voetee","status":"publish","type":"page","link":"https:\/\/svdrevenack.de\/?page_id=198","title":{"rendered":"Thron 2003 Horst Voetee"},"content":{"rendered":"<p><img fetchpriority=\"high\" decoding=\"async\" class=\"aligncenter size-full wp-image-199\" src=\"https:\/\/svdrevenack.de\/wp-content\/uploads\/2019\/03\/a_2003_Thron_Voetee_Horst.jpg\" alt=\"\" width=\"803\" height=\"425\" srcset=\"https:\/\/svdrevenack.de\/wp-content\/uploads\/2019\/03\/a_2003_Thron_Voetee_Horst.jpg 803w, https:\/\/svdrevenack.de\/wp-content\/uploads\/2019\/03\/a_2003_Thron_Voetee_Horst-300x159.jpg 300w, https:\/\/svdrevenack.de\/wp-content\/uploads\/2019\/03\/a_2003_Thron_Voetee_Horst-768x406.jpg 768w\" sizes=\"(max-width: 803px) 100vw, 803px\" \/><\/p>\n<p>&nbsp;<\/p>\n<p style=\"text-align: center;\">K\u00f6nig Horst Voetee<br \/>\nK\u00f6nigin Dagmar Voetee<\/p>\n<p style=\"text-align: center;\">Thronpaare:<\/p>\n<p style=\"text-align: center;\">Dietmar und Gertrud Vennmann<br \/>\nHelmut und Christel Oberhauser<br \/>\nFriedrich und Renate H\u00fcser<br \/>\nFriedhelm und Elke Schlusemann<\/p>\n","protected":false},"excerpt":{"rendered":"<p>&nbsp; K\u00f6nig Horst Voetee K\u00f6nigin Dagmar Voetee Thronpaare: Dietmar und Gertrud Vennmann Helmut und Christel Oberhauser Friedrich und Renate H\u00fcser Friedhelm und Elke Schlusemann<\/p>\n","protected":false},"author":1,"featured_media":0,"parent":140,"menu_order":0,"comment_status":"closed","ping_status":"closed","template":"","meta":{"ngg_post_thumbnail":0,"footnotes":""},"class_list":["post-198","page","type-page","status-publish","hentry"],"_links":{"self":[{"href":"https:\/\/svdrevenack.de\/index.php?rest_route=\/wp\/v2\/pages\/198","targetHints":{"allow":["GET"]}}],"collection":[{"href":"https:\/\/svdrevenack.de\/index.php?rest_route=\/wp\/v2\/pages"}],"about":[{"href":"https:\/\/svdrevenack.de\/index.php?rest_route=\/wp\/v2\/types\/page"}],"author":[{"embeddable":true,"href":"https:\/\/svdrevenack.de\/index.php?rest_route=\/wp\/v2\/users\/1"}],"replies":[{"embeddable":true,"href":"https:\/\/svdrevenack.de\/index.php?rest_route=%2Fwp%2Fv2%2Fcomments&post=198"}],"version-history":[{"count":1,"href":"https:\/\/svdrevenack.de\/index.php?rest_route=\/wp\/v2\/pages\/198\/revisions"}],"predecessor-version":[{"id":200,"href":"https:\/\/svdrevenack.de\/index.php?rest_route=\/wp\/v2\/pages\/198\/revisions\/200"}],"up":[{"embeddable":true,"href":"https:\/\/svdrevenack.de\/index.php?rest_route=\/wp\/v2\/pages\/140"}],"wp:attachment":[{"href":"https:\/\/svdrevenack.de\/index.php?rest_route=%2Fwp%2Fv2%2Fmedia&parent=198"}],"curies":[{"name":"wp","href":"https:\/\/api.w.org\/{rel}","templated":true}]}}