{"id":204,"date":"2019-03-22T03:03:28","date_gmt":"2019-03-22T02:03:28","guid":{"rendered":"http:\/\/svdrevenack.de\/?page_id=204"},"modified":"2019-03-22T03:03:28","modified_gmt":"2019-03-22T02:03:28","slug":"thron-2001-egon-beckmann","status":"publish","type":"page","link":"https:\/\/svdrevenack.de\/?page_id=204","title":{"rendered":"Thron 2001 Egon Beckmann"},"content":{"rendered":"<p><img fetchpriority=\"high\" decoding=\"async\" class=\"aligncenter size-full wp-image-205\" src=\"https:\/\/svdrevenack.de\/wp-content\/uploads\/2019\/03\/a_2001_Thron_Beckmann_Egon__Renate.jpg\" alt=\"\" width=\"518\" height=\"320\" srcset=\"https:\/\/svdrevenack.de\/wp-content\/uploads\/2019\/03\/a_2001_Thron_Beckmann_Egon__Renate.jpg 518w, https:\/\/svdrevenack.de\/wp-content\/uploads\/2019\/03\/a_2001_Thron_Beckmann_Egon__Renate-300x185.jpg 300w\" sizes=\"(max-width: 518px) 100vw, 518px\" \/><\/p>\n<p>&nbsp;<\/p>\n<p style=\"text-align: center;\">K\u00f6nig: Egon Beckmann<br \/>\nK\u00f6nigin: Renate Beckmann<\/p>\n<p style=\"text-align: center;\">Thronpaare:<\/p>\n<p style=\"text-align: center;\">Manfred und Gisela R\u00fchl<br \/>\nRainer und Claudia K\u00f6ster<br \/>\nJ\u00fcrgen und Jutta Meyer<br \/>\nAchim und Maria Semelink<\/p>\n","protected":false},"excerpt":{"rendered":"<p>&nbsp; K\u00f6nig: Egon Beckmann K\u00f6nigin: Renate Beckmann Thronpaare: Manfred und Gisela R\u00fchl Rainer und Claudia K\u00f6ster J\u00fcrgen und Jutta Meyer Achim und Maria Semelink<\/p>\n","protected":false},"author":1,"featured_media":0,"parent":140,"menu_order":0,"comment_status":"closed","ping_status":"closed","template":"","meta":{"ngg_post_thumbnail":0,"footnotes":""},"class_list":["post-204","page","type-page","status-publish","hentry"],"_links":{"self":[{"href":"https:\/\/svdrevenack.de\/index.php?rest_route=\/wp\/v2\/pages\/204","targetHints":{"allow":["GET"]}}],"collection":[{"href":"https:\/\/svdrevenack.de\/index.php?rest_route=\/wp\/v2\/pages"}],"about":[{"href":"https:\/\/svdrevenack.de\/index.php?rest_route=\/wp\/v2\/types\/page"}],"author":[{"embeddable":true,"href":"https:\/\/svdrevenack.de\/index.php?rest_route=\/wp\/v2\/users\/1"}],"replies":[{"embeddable":true,"href":"https:\/\/svdrevenack.de\/index.php?rest_route=%2Fwp%2Fv2%2Fcomments&post=204"}],"version-history":[{"count":1,"href":"https:\/\/svdrevenack.de\/index.php?rest_route=\/wp\/v2\/pages\/204\/revisions"}],"predecessor-version":[{"id":206,"href":"https:\/\/svdrevenack.de\/index.php?rest_route=\/wp\/v2\/pages\/204\/revisions\/206"}],"up":[{"embeddable":true,"href":"https:\/\/svdrevenack.de\/index.php?rest_route=\/wp\/v2\/pages\/140"}],"wp:attachment":[{"href":"https:\/\/svdrevenack.de\/index.php?rest_route=%2Fwp%2Fv2%2Fmedia&parent=204"}],"curies":[{"name":"wp","href":"https:\/\/api.w.org\/{rel}","templated":true}]}}