{"id":2854,"date":"2025-05-04T20:21:32","date_gmt":"2025-05-04T18:21:32","guid":{"rendered":"https:\/\/svdrevenack.de\/?page_id=2854"},"modified":"2026-01-04T17:17:09","modified_gmt":"2026-01-04T16:17:09","slug":"elementor-2854","status":"publish","type":"page","link":"https:\/\/svdrevenack.de\/?page_id=2854","title":{"rendered":"Sportsch\u00fctzen"},"content":{"rendered":"\t\t<div data-elementor-type=\"wp-post\" data-elementor-id=\"2854\" class=\"elementor elementor-2854\">\n\t\t\t\t<div class=\"elementor-element elementor-element-b83f709 e-flex e-con-boxed e-con e-parent\" data-id=\"b83f709\" data-element_type=\"container\" data-e-type=\"container\">\n\t\t\t\t\t<div class=\"e-con-inner\">\n\t\t\t\t<div class=\"elementor-element elementor-element-497f2b3 elementor-widget elementor-widget-heading\" data-id=\"497f2b3\" data-element_type=\"widget\" data-e-type=\"widget\" data-widget_type=\"heading.default\">\n\t\t\t\t<div class=\"elementor-widget-container\">\n\t\t\t\t\t<h1 class=\"elementor-heading-title elementor-size-default\">Sportsch\u00fctzen SV Drevenack<\/h1>\t\t\t\t<\/div>\n\t\t\t\t<\/div>\n\t\t\t\t\t<\/div>\n\t\t\t\t<\/div>\n\t\t<div class=\"elementor-element elementor-element-eae7082 e-flex e-con-boxed e-con e-parent\" data-id=\"eae7082\" data-element_type=\"container\" data-e-type=\"container\">\n\t\t\t\t\t<div class=\"e-con-inner\">\n\t\t\t\t<div class=\"elementor-element elementor-element-b756b80 elementor-widget elementor-widget-image\" data-id=\"b756b80\" data-element_type=\"widget\" data-e-type=\"widget\" data-widget_type=\"image.default\">\n\t\t\t\t<div class=\"elementor-widget-container\">\n\t\t\t\t\t\t\t\t\t\t\t\t\t\t\t<img fetchpriority=\"high\" decoding=\"async\" width=\"860\" height=\"555\" src=\"https:\/\/svdrevenack.de\/wp-content\/uploads\/2025\/05\/AdobeStock_137419107-1024x661.jpeg\" class=\"attachment-large size-large wp-image-2843\" alt=\"\" srcset=\"https:\/\/svdrevenack.de\/wp-content\/uploads\/2025\/05\/AdobeStock_137419107-1024x661.jpeg 1024w, https:\/\/svdrevenack.de\/wp-content\/uploads\/2025\/05\/AdobeStock_137419107-300x194.jpeg 300w, https:\/\/svdrevenack.de\/wp-content\/uploads\/2025\/05\/AdobeStock_137419107-768x496.jpeg 768w, https:\/\/svdrevenack.de\/wp-content\/uploads\/2025\/05\/AdobeStock_137419107-1536x992.jpeg 1536w, https:\/\/svdrevenack.de\/wp-content\/uploads\/2025\/05\/AdobeStock_137419107-2048x1323.jpeg 2048w\" sizes=\"(max-width: 860px) 100vw, 860px\" \/>\t\t\t\t\t\t\t\t\t\t\t\t\t\t\t<\/div>\n\t\t\t\t<\/div>\n\t\t\t\t\t<\/div>\n\t\t\t\t<\/div>\n\t\t<div class=\"elementor-element elementor-element-69cedb3 e-flex e-con-boxed e-con e-parent\" data-id=\"69cedb3\" data-element_type=\"container\" data-e-type=\"container\">\n\t\t\t\t\t<div class=\"e-con-inner\">\n\t\t<div class=\"elementor-element elementor-element-cba9f77 e-con-full e-flex e-con e-child\" data-id=\"cba9f77\" data-element_type=\"container\" data-e-type=\"container\">\n\t\t\t\t<div class=\"elementor-element elementor-element-a0b75bd elementor-widget elementor-widget-heading\" data-id=\"a0b75bd\" data-element_type=\"widget\" data-e-type=\"widget\" data-widget_type=\"heading.default\">\n\t\t\t\t<div class=\"elementor-widget-container\">\n\t\t\t\t\t<h2 class=\"elementor-heading-title elementor-size-default\">Trainingszeiten:<\/h2>\t\t\t\t<\/div>\n\t\t\t\t<\/div>\n\t\t\t\t<\/div>\n\t\t<div class=\"elementor-element elementor-element-a29da60 e-con-full e-flex e-con e-child\" data-id=\"a29da60\" data-element_type=\"container\" data-e-type=\"container\">\n\t\t<div class=\"elementor-element elementor-element-f9b7d72 e-con-full e-flex e-con e-child\" data-id=\"f9b7d72\" data-element_type=\"container\" data-e-type=\"container\">\n\t\t<div class=\"elementor-element elementor-element-c8c76f4 e-con-full e-flex e-con e-child\" data-id=\"c8c76f4\" data-element_type=\"container\" data-e-type=\"container\">\n\t\t\t\t<div class=\"elementor-element elementor-element-6717d2b elementor-widget elementor-widget-text-editor\" data-id=\"6717d2b\" data-element_type=\"widget\" data-e-type=\"widget\" data-widget_type=\"text-editor.default\">\n\t\t\t\t<div class=\"elementor-widget-container\">\n\t\t\t\t\t\t\t\t\t<p style=\"text-align: center;\"><strong>Dienstags von 18:30 Uhr bis 20:00 Uhr<\/strong><\/p><p style=\"text-align: center;\">Training Kleinkaliber und Luftgewehr und Pistolen<\/p><p style=\"text-align: center;\">F\u00fcr Sportsch\u00fctzen und die, die es werden wollen<\/p>\t\t\t\t\t\t\t\t<\/div>\n\t\t\t\t<\/div>\n\t\t\t\t<div class=\"elementor-element elementor-element-5a05a3b elementor-widget elementor-widget-text-editor\" data-id=\"5a05a3b\" data-element_type=\"widget\" data-e-type=\"widget\" data-widget_type=\"text-editor.default\">\n\t\t\t\t<div class=\"elementor-widget-container\">\n\t\t\t\t\t\t\t\t\t<p style=\"text-align: center;\"><strong>Mittwochs von 18:00 Uhr bis 19:30 Uhr<\/strong><\/p><p style=\"text-align: center;\">Training f\u00fcr Kinder und Jugendliche ab 8 Jahren<\/p>\t\t\t\t\t\t\t\t<\/div>\n\t\t\t\t<\/div>\n\t\t\t\t<div class=\"elementor-element elementor-element-abf8a5c elementor-widget elementor-widget-text-editor\" data-id=\"abf8a5c\" data-element_type=\"widget\" data-e-type=\"widget\" data-widget_type=\"text-editor.default\">\n\t\t\t\t<div class=\"elementor-widget-container\">\n\t\t\t\t\t\t\t\t\t<p style=\"text-align: center;\"><strong>Freitags von 19:00 Uhr bis 21:00 Uhr<\/strong><\/p><p style=\"text-align: center;\">Training Kleinkaliber und Pistolen<\/p><p style=\"text-align: center;\">BDS-Disziplinen (Fallscheibe etc.)<\/p><p style=\"text-align: center;\">F\u00fcr Sportsch\u00fctzen und die, die es werden wollen<\/p>\t\t\t\t\t\t\t\t<\/div>\n\t\t\t\t<\/div>\n\t\t\t\t<\/div>\n\t\t\t\t<\/div>\n\t\t\t\t<\/div>\n\t\t\t\t\t<\/div>\n\t\t\t\t<\/div>\n\t\t<div class=\"elementor-element elementor-element-a484f37 e-flex e-con-boxed e-con e-parent\" data-id=\"a484f37\" data-element_type=\"container\" data-e-type=\"container\">\n\t\t\t\t\t<div class=\"e-con-inner\">\n\t\t\t\t<div class=\"elementor-element elementor-element-f30bb7c elementor-widget elementor-widget-heading\" data-id=\"f30bb7c\" data-element_type=\"widget\" data-e-type=\"widget\" data-widget_type=\"heading.default\">\n\t\t\t\t<div class=\"elementor-widget-container\">\n\t\t\t\t\t<h2 class=\"elementor-heading-title elementor-size-default\">Unser Schie\u00dfstand<\/h2>\t\t\t\t<\/div>\n\t\t\t\t<\/div>\n\t\t\t\t\t<\/div>\n\t\t\t\t<\/div>\n\t\t<div class=\"elementor-element elementor-element-5577525 e-flex e-con-boxed e-con e-parent\" data-id=\"5577525\" data-element_type=\"container\" data-e-type=\"container\">\n\t\t\t\t\t<div class=\"e-con-inner\">\n\t\t<div class=\"elementor-element elementor-element-34a2ec8 e-con-full e-flex e-con e-child\" data-id=\"34a2ec8\" data-element_type=\"container\" data-e-type=\"container\">\n\t\t\t\t<div class=\"elementor-element elementor-element-18eb7bb elementor-widget__width-initial elementor-widget elementor-widget-image\" data-id=\"18eb7bb\" data-element_type=\"widget\" data-e-type=\"widget\" data-widget_type=\"image.default\">\n\t\t\t\t<div class=\"elementor-widget-container\">\n\t\t\t\t\t\t\t\t\t\t\t\t\t\t\t<img decoding=\"async\" width=\"768\" height=\"1024\" src=\"https:\/\/svdrevenack.de\/wp-content\/uploads\/2025\/05\/IMG_9719-768x1024.jpeg\" class=\"attachment-large size-large wp-image-2845\" alt=\"\" srcset=\"https:\/\/svdrevenack.de\/wp-content\/uploads\/2025\/05\/IMG_9719-768x1024.jpeg 768w, https:\/\/svdrevenack.de\/wp-content\/uploads\/2025\/05\/IMG_9719-225x300.jpeg 225w, https:\/\/svdrevenack.de\/wp-content\/uploads\/2025\/05\/IMG_9719-1152x1536.jpeg 1152w, https:\/\/svdrevenack.de\/wp-content\/uploads\/2025\/05\/IMG_9719-1536x2048.jpeg 1536w, https:\/\/svdrevenack.de\/wp-content\/uploads\/2025\/05\/IMG_9719-scaled.jpeg 1920w\" sizes=\"(max-width: 768px) 100vw, 768px\" \/>\t\t\t\t\t\t\t\t\t\t\t\t\t\t\t<\/div>\n\t\t\t\t<\/div>\n\t\t\t\t<\/div>\n\t\t<div class=\"elementor-element elementor-element-ac16d59 e-con-full e-flex e-con e-child\" data-id=\"ac16d59\" data-element_type=\"container\" data-e-type=\"container\">\n\t\t\t\t<div class=\"elementor-element elementor-element-83c315c elementor-widget__width-initial elementor-widget elementor-widget-image\" data-id=\"83c315c\" data-element_type=\"widget\" data-e-type=\"widget\" data-widget_type=\"image.default\">\n\t\t\t\t<div class=\"elementor-widget-container\">\n\t\t\t\t\t\t\t\t\t\t\t\t\t\t\t<img decoding=\"async\" width=\"860\" height=\"645\" src=\"https:\/\/svdrevenack.de\/wp-content\/uploads\/2025\/05\/IMG_9720-1024x768.jpeg\" class=\"attachment-large size-large wp-image-2842\" alt=\"\" srcset=\"https:\/\/svdrevenack.de\/wp-content\/uploads\/2025\/05\/IMG_9720-1024x768.jpeg 1024w, https:\/\/svdrevenack.de\/wp-content\/uploads\/2025\/05\/IMG_9720-300x225.jpeg 300w, https:\/\/svdrevenack.de\/wp-content\/uploads\/2025\/05\/IMG_9720-768x576.jpeg 768w, https:\/\/svdrevenack.de\/wp-content\/uploads\/2025\/05\/IMG_9720-1536x1152.jpeg 1536w, https:\/\/svdrevenack.de\/wp-content\/uploads\/2025\/05\/IMG_9720-2048x1536.jpeg 2048w\" sizes=\"(max-width: 860px) 100vw, 860px\" \/>\t\t\t\t\t\t\t\t\t\t\t\t\t\t\t<\/div>\n\t\t\t\t<\/div>\n\t\t\t\t<div class=\"elementor-element elementor-element-0e39013 elementor-widget__width-initial elementor-widget elementor-widget-image\" data-id=\"0e39013\" data-element_type=\"widget\" data-e-type=\"widget\" data-widget_type=\"image.default\">\n\t\t\t\t<div class=\"elementor-widget-container\">\n\t\t\t\t\t\t\t\t\t\t\t\t\t\t\t<img loading=\"lazy\" decoding=\"async\" width=\"768\" height=\"1024\" src=\"https:\/\/svdrevenack.de\/wp-content\/uploads\/2025\/05\/IMG_9746-768x1024.jpeg\" class=\"attachment-large size-large wp-image-2846\" alt=\"\" srcset=\"https:\/\/svdrevenack.de\/wp-content\/uploads\/2025\/05\/IMG_9746-768x1024.jpeg 768w, https:\/\/svdrevenack.de\/wp-content\/uploads\/2025\/05\/IMG_9746-225x300.jpeg 225w, https:\/\/svdrevenack.de\/wp-content\/uploads\/2025\/05\/IMG_9746-1152x1536.jpeg 1152w, https:\/\/svdrevenack.de\/wp-content\/uploads\/2025\/05\/IMG_9746-1536x2048.jpeg 1536w, https:\/\/svdrevenack.de\/wp-content\/uploads\/2025\/05\/IMG_9746-scaled.jpeg 1920w\" sizes=\"(max-width: 768px) 100vw, 768px\" \/>\t\t\t\t\t\t\t\t\t\t\t\t\t\t\t<\/div>\n\t\t\t\t<\/div>\n\t\t\t\t<\/div>\n\t\t<div class=\"elementor-element elementor-element-3a64614 e-con-full e-flex e-con e-child\" data-id=\"3a64614\" data-element_type=\"container\" data-e-type=\"container\">\n\t\t\t\t<div class=\"elementor-element elementor-element-38617da elementor-widget elementor-widget-text-editor\" data-id=\"38617da\" data-element_type=\"widget\" data-e-type=\"widget\" data-widget_type=\"text-editor.default\">\n\t\t\t\t<div class=\"elementor-widget-container\">\n\t\t\t\t\t\t\t\t\t<p>Unsere Sportst\u00e4tte verf\u00fcgt \u00fcber 10 Luftgewehr-Bahnen die mit einer modernen Meyton-Anlage ausgestattet sind.&nbsp;<\/p>\n<p>Der KK-Stand verf\u00fcgt \u00fcber 6 Bahnen mit 50 Meter L\u00e4nge, sowie eine Drehscheibenanlage f\u00fcr Pistolensch\u00fctzen.<\/p>\n<p>Als Highlight wurde im November 2025 eine Fallscheibenanlage angeschafft.<\/p>\t\t\t\t\t\t\t\t<\/div>\n\t\t\t\t<\/div>\n\t\t\t\t<\/div>\n\t\t\t\t\t<\/div>\n\t\t\t\t<\/div>\n\t\t<div class=\"elementor-element elementor-element-8e82936 e-flex e-con-boxed e-con e-parent\" data-id=\"8e82936\" data-element_type=\"container\" data-e-type=\"container\">\n\t\t\t\t\t<div class=\"e-con-inner\">\n\t\t\t\t<div class=\"elementor-element elementor-element-4b6d7b7 elementor-widget elementor-widget-image\" data-id=\"4b6d7b7\" data-element_type=\"widget\" data-e-type=\"widget\" data-widget_type=\"image.default\">\n\t\t\t\t<div class=\"elementor-widget-container\">\n\t\t\t\t\t\t\t\t\t\t\t\t\t\t\t<img loading=\"lazy\" decoding=\"async\" width=\"860\" height=\"645\" src=\"https:\/\/svdrevenack.de\/wp-content\/uploads\/2026\/01\/49511dbb-5ad3-42cb-866e-84acbe7de7e5-1024x768.jpg\" class=\"attachment-large size-large wp-image-2987\" alt=\"\" srcset=\"https:\/\/svdrevenack.de\/wp-content\/uploads\/2026\/01\/49511dbb-5ad3-42cb-866e-84acbe7de7e5-1024x768.jpg 1024w, https:\/\/svdrevenack.de\/wp-content\/uploads\/2026\/01\/49511dbb-5ad3-42cb-866e-84acbe7de7e5-300x225.jpg 300w, https:\/\/svdrevenack.de\/wp-content\/uploads\/2026\/01\/49511dbb-5ad3-42cb-866e-84acbe7de7e5-768x576.jpg 768w, https:\/\/svdrevenack.de\/wp-content\/uploads\/2026\/01\/49511dbb-5ad3-42cb-866e-84acbe7de7e5-1536x1152.jpg 1536w, https:\/\/svdrevenack.de\/wp-content\/uploads\/2026\/01\/49511dbb-5ad3-42cb-866e-84acbe7de7e5.jpg 2048w\" sizes=\"(max-width: 860px) 100vw, 860px\" \/>\t\t\t\t\t\t\t\t\t\t\t\t\t\t\t<\/div>\n\t\t\t\t<\/div>\n\t\t\t\t<div class=\"elementor-element elementor-element-c68f8eb elementor-widget elementor-widget-image\" data-id=\"c68f8eb\" data-element_type=\"widget\" data-e-type=\"widget\" data-widget_type=\"image.default\">\n\t\t\t\t<div class=\"elementor-widget-container\">\n\t\t\t\t\t\t\t\t\t\t\t\t\t\t\t<img loading=\"lazy\" decoding=\"async\" width=\"860\" height=\"645\" src=\"https:\/\/svdrevenack.de\/wp-content\/uploads\/2026\/01\/f9aca43e-1676-42f1-a8ad-00e45f03fd64-1024x768.jpg\" class=\"attachment-large size-large wp-image-2988\" alt=\"\" srcset=\"https:\/\/svdrevenack.de\/wp-content\/uploads\/2026\/01\/f9aca43e-1676-42f1-a8ad-00e45f03fd64-1024x768.jpg 1024w, https:\/\/svdrevenack.de\/wp-content\/uploads\/2026\/01\/f9aca43e-1676-42f1-a8ad-00e45f03fd64-300x225.jpg 300w, https:\/\/svdrevenack.de\/wp-content\/uploads\/2026\/01\/f9aca43e-1676-42f1-a8ad-00e45f03fd64-768x576.jpg 768w, https:\/\/svdrevenack.de\/wp-content\/uploads\/2026\/01\/f9aca43e-1676-42f1-a8ad-00e45f03fd64-1536x1152.jpg 1536w, https:\/\/svdrevenack.de\/wp-content\/uploads\/2026\/01\/f9aca43e-1676-42f1-a8ad-00e45f03fd64.jpg 2048w\" sizes=\"(max-width: 860px) 100vw, 860px\" \/>\t\t\t\t\t\t\t\t\t\t\t\t\t\t\t<\/div>\n\t\t\t\t<\/div>\n\t\t\t\t\t<\/div>\n\t\t\t\t<\/div>\n\t\t\t\t<\/div>\n\t\t","protected":false},"excerpt":{"rendered":"<p>Sportsch\u00fctzen SV Drevenack Trainingszeiten: Dienstags von 18:30 Uhr bis 20:00 Uhr Training Kleinkaliber und Luftgewehr und Pistolen F\u00fcr Sportsch\u00fctzen und die, die es werden wollen Mittwochs von 18:00 Uhr bis 19:30 Uhr Training f\u00fcr Kinder und Jugendliche ab 8 Jahren Freitags von 19:00 Uhr bis 21:00 Uhr Training Kleinkaliber und Pistolen BDS-Disziplinen (Fallscheibe etc.) F\u00fcr Sportsch\u00fctzen und die, die es<\/p>\n","protected":false},"author":1,"featured_media":0,"parent":0,"menu_order":0,"comment_status":"closed","ping_status":"closed","template":"","meta":{"ngg_post_thumbnail":0,"footnotes":""},"class_list":["post-2854","page","type-page","status-publish","hentry"],"_links":{"self":[{"href":"https:\/\/svdrevenack.de\/index.php?rest_route=\/wp\/v2\/pages\/2854","targetHints":{"allow":["GET"]}}],"collection":[{"href":"https:\/\/svdrevenack.de\/index.php?rest_route=\/wp\/v2\/pages"}],"about":[{"href":"https:\/\/svdrevenack.de\/index.php?rest_route=\/wp\/v2\/types\/page"}],"author":[{"embeddable":true,"href":"https:\/\/svdrevenack.de\/index.php?rest_route=\/wp\/v2\/users\/1"}],"replies":[{"embeddable":true,"href":"https:\/\/svdrevenack.de\/index.php?rest_route=%2Fwp%2Fv2%2Fcomments&post=2854"}],"version-history":[{"count":12,"href":"https:\/\/svdrevenack.de\/index.php?rest_route=\/wp\/v2\/pages\/2854\/revisions"}],"predecessor-version":[{"id":2992,"href":"https:\/\/svdrevenack.de\/index.php?rest_route=\/wp\/v2\/pages\/2854\/revisions\/2992"}],"wp:attachment":[{"href":"https:\/\/svdrevenack.de\/index.php?rest_route=%2Fwp%2Fv2%2Fmedia&parent=2854"}],"curies":[{"name":"wp","href":"https:\/\/api.w.org\/{rel}","templated":true}]}}