{"id":294,"date":"2019-03-22T04:07:28","date_gmt":"2019-03-22T03:07:28","guid":{"rendered":"http:\/\/svdrevenack.de\/?page_id=294"},"modified":"2019-03-22T04:07:28","modified_gmt":"2019-03-22T03:07:28","slug":"thron-1975-bernhard-winterboer","status":"publish","type":"page","link":"https:\/\/svdrevenack.de\/?page_id=294","title":{"rendered":"Thron 1975 Bernhard Winterboer"},"content":{"rendered":"<p><img fetchpriority=\"high\" decoding=\"async\" class=\"aligncenter size-full wp-image-295\" src=\"https:\/\/svdrevenack.de\/wp-content\/uploads\/2019\/03\/a_1975_Thron_Winterboer_Berni__Marlies.jpg\" alt=\"\" width=\"570\" height=\"370\" srcset=\"https:\/\/svdrevenack.de\/wp-content\/uploads\/2019\/03\/a_1975_Thron_Winterboer_Berni__Marlies.jpg 570w, https:\/\/svdrevenack.de\/wp-content\/uploads\/2019\/03\/a_1975_Thron_Winterboer_Berni__Marlies-300x195.jpg 300w\" sizes=\"(max-width: 570px) 100vw, 570px\" \/><\/p>\n<p>&nbsp;<\/p>\n<p style=\"text-align: center;\">K\u00f6nig Bernhard Winterboer<br \/>\nK\u00f6nigin Marlies Winterboer<\/p>\n<p style=\"text-align: center;\">Thronpaare:<\/p>\n<p style=\"text-align: center;\">Wilhelm Schanzmann und Maria H\u00f6ckensfeld<br \/>\nPaul und Paula Scholten<br \/>\nHerbert und Hermine Winterboer<br \/>\nKarl-Heinz und Else Meyer<\/p>\n","protected":false},"excerpt":{"rendered":"<p>&nbsp; K\u00f6nig Bernhard Winterboer K\u00f6nigin Marlies Winterboer Thronpaare: Wilhelm Schanzmann und Maria H\u00f6ckensfeld Paul und Paula Scholten Herbert und Hermine Winterboer Karl-Heinz und Else Meyer<\/p>\n","protected":false},"author":1,"featured_media":0,"parent":140,"menu_order":0,"comment_status":"closed","ping_status":"closed","template":"","meta":{"ngg_post_thumbnail":0,"footnotes":""},"class_list":["post-294","page","type-page","status-publish","hentry"],"_links":{"self":[{"href":"https:\/\/svdrevenack.de\/index.php?rest_route=\/wp\/v2\/pages\/294","targetHints":{"allow":["GET"]}}],"collection":[{"href":"https:\/\/svdrevenack.de\/index.php?rest_route=\/wp\/v2\/pages"}],"about":[{"href":"https:\/\/svdrevenack.de\/index.php?rest_route=\/wp\/v2\/types\/page"}],"author":[{"embeddable":true,"href":"https:\/\/svdrevenack.de\/index.php?rest_route=\/wp\/v2\/users\/1"}],"replies":[{"embeddable":true,"href":"https:\/\/svdrevenack.de\/index.php?rest_route=%2Fwp%2Fv2%2Fcomments&post=294"}],"version-history":[{"count":1,"href":"https:\/\/svdrevenack.de\/index.php?rest_route=\/wp\/v2\/pages\/294\/revisions"}],"predecessor-version":[{"id":296,"href":"https:\/\/svdrevenack.de\/index.php?rest_route=\/wp\/v2\/pages\/294\/revisions\/296"}],"up":[{"embeddable":true,"href":"https:\/\/svdrevenack.de\/index.php?rest_route=\/wp\/v2\/pages\/140"}],"wp:attachment":[{"href":"https:\/\/svdrevenack.de\/index.php?rest_route=%2Fwp%2Fv2%2Fmedia&parent=294"}],"curies":[{"name":"wp","href":"https:\/\/api.w.org\/{rel}","templated":true}]}}