{"id":329,"date":"2019-03-22T04:22:38","date_gmt":"2019-03-22T03:22:38","guid":{"rendered":"http:\/\/svdrevenack.de\/?page_id=329"},"modified":"2019-03-22T04:22:38","modified_gmt":"2019-03-22T03:22:38","slug":"thron-1965-august-huefing","status":"publish","type":"page","link":"https:\/\/svdrevenack.de\/?page_id=329","title":{"rendered":"Thron 1965 August H\u00fcfing"},"content":{"rendered":"<p><img fetchpriority=\"high\" decoding=\"async\" class=\"aligncenter size-full wp-image-330\" src=\"https:\/\/svdrevenack.de\/wp-content\/uploads\/2019\/03\/1965.jpg\" alt=\"\" width=\"810\" height=\"513\" srcset=\"https:\/\/svdrevenack.de\/wp-content\/uploads\/2019\/03\/1965.jpg 810w, https:\/\/svdrevenack.de\/wp-content\/uploads\/2019\/03\/1965-300x190.jpg 300w, https:\/\/svdrevenack.de\/wp-content\/uploads\/2019\/03\/1965-768x486.jpg 768w\" sizes=\"(max-width: 810px) 100vw, 810px\" \/> <img decoding=\"async\" class=\"aligncenter size-large wp-image-331\" src=\"https:\/\/svdrevenack.de\/wp-content\/uploads\/2019\/03\/a_1965_Thron_Koppers_August_und_Frieda.jpg\" alt=\"\" width=\"740\" height=\"298\" srcset=\"https:\/\/svdrevenack.de\/wp-content\/uploads\/2019\/03\/a_1965_Thron_Koppers_August_und_Frieda.jpg 740w, https:\/\/svdrevenack.de\/wp-content\/uploads\/2019\/03\/a_1965_Thron_Koppers_August_und_Frieda-300x121.jpg 300w\" sizes=\"(max-width: 740px) 100vw, 740px\" \/><\/p>\n<p style=\"text-align: center;\">&nbsp;<\/p>\n<p style=\"text-align: center;\">K\u00f6nig: August H\u00fcfing<br \/>\nK\u00f6nigin Frieda H\u00fcfing<\/p>\n<p style=\"text-align: center;\">Thronpaare:<\/p>\n<p style=\"text-align: center;\">G\u00fcnter und Wilma Pa\u00df<br \/>\nWilhelm und Anni Blankenagel<br \/>\nKurt und Irmgard Re\u00dfing<br \/>\nAugust und Johanna Vennhoff<\/p>\n","protected":false},"excerpt":{"rendered":"<p>&nbsp; K\u00f6nig: August H\u00fcfing K\u00f6nigin Frieda H\u00fcfing Thronpaare: G\u00fcnter und Wilma Pa\u00df Wilhelm und Anni Blankenagel Kurt und Irmgard Re\u00dfing August und Johanna Vennhoff<\/p>\n","protected":false},"author":1,"featured_media":0,"parent":140,"menu_order":0,"comment_status":"closed","ping_status":"closed","template":"","meta":{"ngg_post_thumbnail":0,"footnotes":""},"class_list":["post-329","page","type-page","status-publish","hentry"],"_links":{"self":[{"href":"https:\/\/svdrevenack.de\/index.php?rest_route=\/wp\/v2\/pages\/329","targetHints":{"allow":["GET"]}}],"collection":[{"href":"https:\/\/svdrevenack.de\/index.php?rest_route=\/wp\/v2\/pages"}],"about":[{"href":"https:\/\/svdrevenack.de\/index.php?rest_route=\/wp\/v2\/types\/page"}],"author":[{"embeddable":true,"href":"https:\/\/svdrevenack.de\/index.php?rest_route=\/wp\/v2\/users\/1"}],"replies":[{"embeddable":true,"href":"https:\/\/svdrevenack.de\/index.php?rest_route=%2Fwp%2Fv2%2Fcomments&post=329"}],"version-history":[{"count":1,"href":"https:\/\/svdrevenack.de\/index.php?rest_route=\/wp\/v2\/pages\/329\/revisions"}],"predecessor-version":[{"id":332,"href":"https:\/\/svdrevenack.de\/index.php?rest_route=\/wp\/v2\/pages\/329\/revisions\/332"}],"up":[{"embeddable":true,"href":"https:\/\/svdrevenack.de\/index.php?rest_route=\/wp\/v2\/pages\/140"}],"wp:attachment":[{"href":"https:\/\/svdrevenack.de\/index.php?rest_route=%2Fwp%2Fv2%2Fmedia&parent=329"}],"curies":[{"name":"wp","href":"https:\/\/api.w.org\/{rel}","templated":true}]}}