{"id":432,"date":"2019-03-24T21:22:29","date_gmt":"2019-03-24T20:22:29","guid":{"rendered":"http:\/\/svdrevenack.de\/?page_id=432"},"modified":"2023-08-10T21:31:14","modified_gmt":"2023-08-10T19:31:14","slug":"thron-2010-2020","status":"publish","type":"page","link":"https:\/\/svdrevenack.de\/?page_id=432","title":{"rendered":"Thron 2000-2020"},"content":{"rendered":"<p><a href=\"https:\/\/svdrevenack.de\/?page_id=2294\">Thron 2019-2022 Stefan J\u00f6rres<\/a><\/p>\n<p><a href=\"https:\/\/svdrevenack.de\/?page_id=450\"><span style=\"font-size: 12pt;\">Thron 2018 Stefan R\u00fchl<\/span><\/a><\/p>\n<p><a href=\"https:\/\/svdrevenack.de\/?page_id=448\"><span style=\"font-size: 12pt;\">Thron 2017 Christoph Ufermann<\/span><\/a><\/p>\n<p><span style=\"font-size: 12pt;\"><a href=\"https:\/\/svdrevenack.de\/?page_id=158\">Thron 2016 Patrick Th\u00f6rner<\/a><\/span><\/p>\n<p><span style=\"font-size: 12pt;\"><a href=\"https:\/\/svdrevenack.de\/?page_id=161\">Thron 2015 Daniel Beckmann<\/a><\/span><\/p>\n<p><span style=\"font-size: 12pt;\"><a href=\"https:\/\/svdrevenack.de\/?page_id=164\">Thron 2014 Thomas Greulich<\/a><\/span><\/p>\n<p><span style=\"font-size: 12pt;\"><a href=\"https:\/\/svdrevenack.de\/?page_id=168\">Thron 2013 Olaf Winterboer<\/a><\/span><\/p>\n<p><span style=\"font-size: 12pt;\"><a href=\"https:\/\/svdrevenack.de\/?page_id=171\">Thron 2012 Marvin Janzen<\/a><\/span><\/p>\n<p><span style=\"font-size: 12pt;\"><a href=\"https:\/\/svdrevenack.de\/?page_id=174\">Thron 2011 Bernd Tilp<\/a><\/span><\/p>\n<p><span style=\"font-size: 12pt;\"><a href=\"https:\/\/svdrevenack.de\/?page_id=177\">Thron 2010 Ludger Hutmacher<\/a><\/span><\/p>\n<p><span style=\"font-size: 12pt;\"><a href=\"https:\/\/svdrevenack.de\/?page_id=180\">Thron 2009 Heino Spickermann<\/a><\/span><\/p>\n<p><span style=\"font-size: 12pt;\"><a href=\"https:\/\/svdrevenack.de\/?page_id=183\">Thron 2008 Helmut Oberhauser<\/a><\/span><\/p>\n<p><span style=\"font-size: 12pt;\"><a href=\"https:\/\/svdrevenack.de\/?page_id=186\">Thron 2007 Rolf Meyer<\/a><\/span><\/p>\n<p><span style=\"font-size: 12pt;\"><a href=\"https:\/\/svdrevenack.de\/?page_id=189\">Thron 2006 Andre Oberhauser<\/a><\/span><\/p>\n<p><span style=\"font-size: 12pt;\"><a href=\"https:\/\/svdrevenack.de\/?page_id=192\">Thron 2005 Friedhelm Schulte-Bunert<\/a><\/span><\/p>\n<p><span style=\"font-size: 12pt;\"><a href=\"https:\/\/svdrevenack.de\/?page_id=195\">Thron 2004 Peter Schmitz<\/a><\/span><\/p>\n<p><span style=\"font-size: 12pt;\"><a href=\"https:\/\/svdrevenack.de\/?page_id=198\">Thron 2003 Horst Voetee<\/a><\/span><\/p>\n<p><span style=\"font-size: 12pt;\"><a href=\"https:\/\/svdrevenack.de\/?page_id=201\">Thron 2002 Volker Dickmann<\/a><\/span><\/p>\n<p><span style=\"font-size: 12pt;\"><a href=\"https:\/\/svdrevenack.de\/?page_id=204\">Thron 2001 Egon Beckmann<\/a><\/span><\/p>\n<p><span style=\"font-size: 12pt;\"><a href=\"https:\/\/svdrevenack.de\/?page_id=207\">Thron 2000 Ulrich Mahner<\/a><\/span><\/p>\n","protected":false},"excerpt":{"rendered":"<p>Thron 2019-2022 Stefan J\u00f6rres Thron 2018 Stefan R\u00fchl Thron 2017 Christoph Ufermann Thron 2016 Patrick Th\u00f6rner Thron 2015 Daniel Beckmann Thron 2014 Thomas Greulich Thron 2013 Olaf Winterboer Thron 2012 Marvin Janzen Thron 2011 Bernd Tilp Thron 2010 Ludger Hutmacher Thron 2009 Heino Spickermann Thron 2008 Helmut Oberhauser Thron 2007 Rolf Meyer Thron 2006 Andre Oberhauser Thron 2005 Friedhelm Schulte-Bunert<\/p>\n","protected":false},"author":1,"featured_media":0,"parent":140,"menu_order":0,"comment_status":"closed","ping_status":"closed","template":"","meta":{"ngg_post_thumbnail":0,"footnotes":""},"class_list":["post-432","page","type-page","status-publish","hentry"],"_links":{"self":[{"href":"https:\/\/svdrevenack.de\/index.php?rest_route=\/wp\/v2\/pages\/432","targetHints":{"allow":["GET"]}}],"collection":[{"href":"https:\/\/svdrevenack.de\/index.php?rest_route=\/wp\/v2\/pages"}],"about":[{"href":"https:\/\/svdrevenack.de\/index.php?rest_route=\/wp\/v2\/types\/page"}],"author":[{"embeddable":true,"href":"https:\/\/svdrevenack.de\/index.php?rest_route=\/wp\/v2\/users\/1"}],"replies":[{"embeddable":true,"href":"https:\/\/svdrevenack.de\/index.php?rest_route=%2Fwp%2Fv2%2Fcomments&post=432"}],"version-history":[{"count":9,"href":"https:\/\/svdrevenack.de\/index.php?rest_route=\/wp\/v2\/pages\/432\/revisions"}],"predecessor-version":[{"id":2297,"href":"https:\/\/svdrevenack.de\/index.php?rest_route=\/wp\/v2\/pages\/432\/revisions\/2297"}],"up":[{"embeddable":true,"href":"https:\/\/svdrevenack.de\/index.php?rest_route=\/wp\/v2\/pages\/140"}],"wp:attachment":[{"href":"https:\/\/svdrevenack.de\/index.php?rest_route=%2Fwp%2Fv2%2Fmedia&parent=432"}],"curies":[{"name":"wp","href":"https:\/\/api.w.org\/{rel}","templated":true}]}}