{"id":450,"date":"2019-03-24T22:37:58","date_gmt":"2019-03-24T21:37:58","guid":{"rendered":"http:\/\/svdrevenack.de\/?page_id=450"},"modified":"2021-08-15T16:53:18","modified_gmt":"2021-08-15T14:53:18","slug":"thron-2018-stefan-ruehl","status":"publish","type":"page","link":"https:\/\/svdrevenack.de\/?page_id=450","title":{"rendered":"Thron 2018 Stefan R\u00fchl"},"content":{"rendered":"<p><img fetchpriority=\"high\" decoding=\"async\" class=\"aligncenter size-large wp-image-458\" src=\"https:\/\/svdrevenack.de\/wp-content\/uploads\/2019\/03\/Thron_2018_Stefan_ruehl-1024x683.jpg\" alt=\"\" width=\"860\" height=\"574\" srcset=\"https:\/\/svdrevenack.de\/wp-content\/uploads\/2019\/03\/Thron_2018_Stefan_ruehl-1024x683.jpg 1024w, https:\/\/svdrevenack.de\/wp-content\/uploads\/2019\/03\/Thron_2018_Stefan_ruehl-300x200.jpg 300w, https:\/\/svdrevenack.de\/wp-content\/uploads\/2019\/03\/Thron_2018_Stefan_ruehl-768x513.jpg 768w, https:\/\/svdrevenack.de\/wp-content\/uploads\/2019\/03\/Thron_2018_Stefan_ruehl.jpg 1798w\" sizes=\"(max-width: 860px) 100vw, 860px\" \/><\/p>\n<p style=\"text-align: center;\">K\u00f6nig Stefan R\u00fchl<\/p>\n<p style=\"text-align: center;\">K\u00f6nigin Frauke R\u00fchl<\/p>\n<p style=\"text-align: center;\">Thronpaare:<\/p>\n<p style=\"text-align: center;\">Andreas und Karin Meyering<br \/>\nAndre und Anke Oberhauser<br \/>\nDaniel Beckmann und Jenny Schulz<br \/>\nMaik und Jenny Gangelhoff<\/p>\n<p>&nbsp;<\/p>\n","protected":false},"excerpt":{"rendered":"<p>K\u00f6nig Stefan R\u00fchl K\u00f6nigin Frauke R\u00fchl Thronpaare: Andreas und Karin Meyering Andre und Anke Oberhauser Daniel Beckmann und Jenny Schulz Maik und Jenny Gangelhoff &nbsp;<\/p>\n","protected":false},"author":1,"featured_media":0,"parent":140,"menu_order":0,"comment_status":"closed","ping_status":"closed","template":"","meta":{"ngg_post_thumbnail":0,"footnotes":""},"class_list":["post-450","page","type-page","status-publish","hentry"],"_links":{"self":[{"href":"https:\/\/svdrevenack.de\/index.php?rest_route=\/wp\/v2\/pages\/450","targetHints":{"allow":["GET"]}}],"collection":[{"href":"https:\/\/svdrevenack.de\/index.php?rest_route=\/wp\/v2\/pages"}],"about":[{"href":"https:\/\/svdrevenack.de\/index.php?rest_route=\/wp\/v2\/types\/page"}],"author":[{"embeddable":true,"href":"https:\/\/svdrevenack.de\/index.php?rest_route=\/wp\/v2\/users\/1"}],"replies":[{"embeddable":true,"href":"https:\/\/svdrevenack.de\/index.php?rest_route=%2Fwp%2Fv2%2Fcomments&post=450"}],"version-history":[{"count":4,"href":"https:\/\/svdrevenack.de\/index.php?rest_route=\/wp\/v2\/pages\/450\/revisions"}],"predecessor-version":[{"id":459,"href":"https:\/\/svdrevenack.de\/index.php?rest_route=\/wp\/v2\/pages\/450\/revisions\/459"}],"up":[{"embeddable":true,"href":"https:\/\/svdrevenack.de\/index.php?rest_route=\/wp\/v2\/pages\/140"}],"wp:attachment":[{"href":"https:\/\/svdrevenack.de\/index.php?rest_route=%2Fwp%2Fv2%2Fmedia&parent=450"}],"curies":[{"name":"wp","href":"https:\/\/api.w.org\/{rel}","templated":true}]}}